{"id":848,"date":"2026-04-02T19:46:18","date_gmt":"2026-04-02T19:46:18","guid":{"rendered":"https:\/\/grubole.pl\/?page_id=848"},"modified":"2026-04-02T20:30:44","modified_gmt":"2026-04-02T20:30:44","slug":"losuj-grubola-2","status":"publish","type":"page","link":"https:\/\/grubole.pl\/index.php\/losuj-grubola-2\/","title":{"rendered":"Losuj Grubola!"},"content":{"rendered":"<div id=\"grubol-modal\" style=\"display:none\">\n  <div id=\"grubol-modal-bg\" onclick=\"zamknijGrubola()\"><\/div>\n  <div id=\"grubol-modal-box\">\n    <button id=\"grubol-close\" onclick=\"zamknijGrubola()\">\u00d7<\/button>\n    <h2>Grubol Dnia!<\/h2>\n    <p id=\"grubol-data\">15.04.2026<\/p>\n    <div id=\"grubol-content\"><\/div>\n  <\/div>\n<\/div>\n\n<script>\nfunction pokazGrubola() {\n  var klucz = 'grubol_';\n  var modal = document.getElementById('grubol-modal');\n  var content = document.getElementById('grubol-content');\n  modal.style.display = 'flex';\n\n  if (localStorage.getItem(klucz)) {\n    content.innerHTML = '<div class=\"grubol-limit\">'\n      + 'Widz\u0119, \u017ce masz du\u017cy apetyt na grubole przyjacielu,'\n      + ' wr\u00f3\u0107 jutro po nast\u0119pne!<\/div>';\n  } else {\n    localStorage.setItem(klucz, '1');\n    content.innerHTML = '<img decoding=\"async\" src=\"\"'\n      + ' alt=\"Grubol dnia\" id=\"grubol-img\" \/>';\n  }\n}\nfunction zamknijGrubola() {\n  document.getElementById('grubol-modal').style.display = 'none';\n}\n<\/script>\n    \n\n\n\n<p><\/p>\n","protected":false},"excerpt":{"rendered":"","protected":false},"author":1,"featured_media":0,"parent":0,"menu_order":0,"comment_status":"closed","ping_status":"closed","template":"","meta":{"footnotes":""},"class_list":["post-848","page","type-page","status-publish","hentry"],"_links":{"self":[{"href":"https:\/\/grubole.pl\/index.php\/wp-json\/wp\/v2\/pages\/848","targetHints":{"allow":["GET"]}}],"collection":[{"href":"https:\/\/grubole.pl\/index.php\/wp-json\/wp\/v2\/pages"}],"about":[{"href":"https:\/\/grubole.pl\/index.php\/wp-json\/wp\/v2\/types\/page"}],"author":[{"embeddable":true,"href":"https:\/\/grubole.pl\/index.php\/wp-json\/wp\/v2\/users\/1"}],"replies":[{"embeddable":true,"href":"https:\/\/grubole.pl\/index.php\/wp-json\/wp\/v2\/comments?post=848"}],"version-history":[{"count":2,"href":"https:\/\/grubole.pl\/index.php\/wp-json\/wp\/v2\/pages\/848\/revisions"}],"predecessor-version":[{"id":854,"href":"https:\/\/grubole.pl\/index.php\/wp-json\/wp\/v2\/pages\/848\/revisions\/854"}],"wp:attachment":[{"href":"https:\/\/grubole.pl\/index.php\/wp-json\/wp\/v2\/media?parent=848"}],"curies":[{"name":"wp","href":"https:\/\/api.w.org\/{rel}","templated":true}]}}