{"id":757,"date":"2025-11-03T11:15:40","date_gmt":"2025-11-03T11:15:40","guid":{"rendered":"https:\/\/grubole.pl\/index.php\/newsletter\/"},"modified":"2025-11-03T13:33:48","modified_gmt":"2025-11-03T13:33:48","slug":"newsletter","status":"publish","type":"page","link":"https:\/\/grubole.pl\/index.php\/newsletter\/","title":{"rendered":"Newsletter"},"content":{"rendered":"<p>Gruby Newsletter<\/p>\n\n\n<p class=\"has-pale-pink-background-color has-background has-large-font-size\">Newsletter dost\u0119pny troch\u0119 ni\u017cej <br>\ud83d\ude00<\/p>\n\n\n\n<figure class=\"wp-block-image size-full\"><img loading=\"lazy\" decoding=\"async\" width=\"700\" height=\"754\" src=\"https:\/\/grubole.pl\/wp-content\/uploads\/2025\/05\/unnamed-file.jpeg\" alt=\"\" class=\"wp-image-741\" srcset=\"https:\/\/grubole.pl\/wp-content\/uploads\/2025\/05\/unnamed-file.jpeg 700w, https:\/\/grubole.pl\/wp-content\/uploads\/2025\/05\/unnamed-file-279x300.jpeg 279w, https:\/\/grubole.pl\/wp-content\/uploads\/2025\/05\/unnamed-file-300x323.jpeg 300w\" sizes=\"auto, (max-width: 700px) 100vw, 700px\" \/><\/figure>\n\n\n\n<p>(je\u015bli jeste\u015b na telefonie to stocz si\u0119 na sam d\u00f3\u0142)<\/p>\n\n\n\n<p><\/p>\n\n\n\n<p><\/p>\n\n\n\n<p><\/p>\n\n\n\n<p><\/p>\n\n\n\n<p><\/p>\n\n\n\n<p>Jeszcze ni\u017cej<\/p>\n\n\n\n<figure class=\"wp-block-image size-full\"><img loading=\"lazy\" decoding=\"async\" width=\"1202\" height=\"501\" src=\"https:\/\/grubole.pl\/wp-content\/uploads\/2024\/07\/cropped-cropped-Protect-grubole.png\" alt=\"\" class=\"wp-image-755\" srcset=\"https:\/\/grubole.pl\/wp-content\/uploads\/2024\/07\/cropped-cropped-Protect-grubole.png 1202w, https:\/\/grubole.pl\/wp-content\/uploads\/2024\/07\/cropped-cropped-Protect-grubole-300x125.png 300w, https:\/\/grubole.pl\/wp-content\/uploads\/2024\/07\/cropped-cropped-Protect-grubole-768x320.png 768w, https:\/\/grubole.pl\/wp-content\/uploads\/2024\/07\/cropped-cropped-Protect-grubole-850x354.png 850w\" sizes=\"auto, (max-width: 1202px) 100vw, 1202px\" \/><\/figure>\n\n\n\n<p><\/p>\n\n\n\n<p>I jeszcze troch\u0119<\/p>\n\n\n\n<p><\/p>\n\n\n\n<p><\/p>\n\n\n\n<p><\/p>\n\n\n\n<p><\/p>\n\n\n\n<p><\/p>\n\n\n\n<figure class=\"wp-block-image size-large\"><img loading=\"lazy\" decoding=\"async\" width=\"1024\" height=\"524\" src=\"https:\/\/grubole.pl\/wp-content\/uploads\/2023\/12\/Grubol-taksowkarz-1024x524.png\" alt=\"\" class=\"wp-image-531\" srcset=\"https:\/\/grubole.pl\/wp-content\/uploads\/2023\/12\/Grubol-taksowkarz-1024x524.png 1024w, https:\/\/grubole.pl\/wp-content\/uploads\/2023\/12\/Grubol-taksowkarz-300x154.png 300w, https:\/\/grubole.pl\/wp-content\/uploads\/2023\/12\/Grubol-taksowkarz-768x393.png 768w, https:\/\/grubole.pl\/wp-content\/uploads\/2023\/12\/Grubol-taksowkarz-850x435.png 850w, https:\/\/grubole.pl\/wp-content\/uploads\/2023\/12\/Grubol-taksowkarz.png 1519w\" sizes=\"auto, (max-width: 1024px) 100vw, 1024px\" \/><\/figure>\n\n\n\n<p><\/p>\n\n\n\n<p>Jeszcze troszk\u0119&#8230;.<\/p>\n\n\n\n<p><\/p>\n\n\n\n<p class=\"has-large-font-size\">Patrz za grub\u0105 r\u0105czk\u0105<\/p>\n\n\n\n<figure class=\"wp-block-image size-full\"><img loading=\"lazy\" decoding=\"async\" width=\"580\" height=\"592\" src=\"https:\/\/grubole.pl\/wp-content\/uploads\/2025\/11\/Grubol-2.png\" alt=\"\" class=\"wp-image-779\" srcset=\"https:\/\/grubole.pl\/wp-content\/uploads\/2025\/11\/Grubol-2.png 580w, https:\/\/grubole.pl\/wp-content\/uploads\/2025\/11\/Grubol-2-294x300.png 294w, https:\/\/grubole.pl\/wp-content\/uploads\/2025\/11\/Grubol-2-300x306.png 300w, https:\/\/grubole.pl\/wp-content\/uploads\/2025\/11\/Grubol-2-45x45.png 45w\" sizes=\"auto, (max-width: 580px) 100vw, 580px\" \/><\/figure>\n\n\n\n<p><\/p>\n\n\n\n<p><\/p>\n\n\n\n<p><\/p>\n\n\n\n<p><\/p>\n\n\n\n<p><\/p>\n\n\n\n<p><\/p>\n\n\n\n<p><\/p>\n\n\n\n<p><\/p>\n\n\n\n<p><\/p>\n\n\n\n<p><\/p>\n\n\n\n<p><\/p>\n\n\n\n<p><\/p>\n\n\n\n<p><\/p>\n\n\n\n\n\n<p><\/p>\n","protected":false},"excerpt":{"rendered":"<p>Newsletter dost\u0119pny troch\u0119 ni\u017cej \ud83d\ude00 (je\u015bli jeste\u015b na telefonie to stocz si\u0119 na sam d\u00f3\u0142) Jeszcze ni\u017cej I jeszcze troch\u0119 Jeszcze troszk\u0119&#8230;. Patrz za grub\u0105 r\u0105czk\u0105<\/p>\n","protected":false},"author":1,"featured_media":0,"parent":0,"menu_order":0,"comment_status":"closed","ping_status":"closed","template":"","meta":{"footnotes":""},"class_list":["post-757","page","type-page","status-publish","hentry"],"_links":{"self":[{"href":"https:\/\/grubole.pl\/index.php\/wp-json\/wp\/v2\/pages\/757","targetHints":{"allow":["GET"]}}],"collection":[{"href":"https:\/\/grubole.pl\/index.php\/wp-json\/wp\/v2\/pages"}],"about":[{"href":"https:\/\/grubole.pl\/index.php\/wp-json\/wp\/v2\/types\/page"}],"author":[{"embeddable":true,"href":"https:\/\/grubole.pl\/index.php\/wp-json\/wp\/v2\/users\/1"}],"replies":[{"embeddable":true,"href":"https:\/\/grubole.pl\/index.php\/wp-json\/wp\/v2\/comments?post=757"}],"version-history":[{"count":18,"href":"https:\/\/grubole.pl\/index.php\/wp-json\/wp\/v2\/pages\/757\/revisions"}],"predecessor-version":[{"id":795,"href":"https:\/\/grubole.pl\/index.php\/wp-json\/wp\/v2\/pages\/757\/revisions\/795"}],"wp:attachment":[{"href":"https:\/\/grubole.pl\/index.php\/wp-json\/wp\/v2\/media?parent=757"}],"curies":[{"name":"wp","href":"https:\/\/api.w.org\/{rel}","templated":true}]}}